{"id":1881,"date":"2023-10-23T02:02:39","date_gmt":"2023-10-23T05:02:39","guid":{"rendered":"https:\/\/hsmailatam.org\/?page_id=1881"},"modified":"2025-12-08T09:16:36","modified_gmt":"2025-12-08T12:16:36","slug":"roundtable-peru","status":"publish","type":"page","link":"https:\/\/hsmailatam.org\/en\/hsmai-peru\/roundtable-peru\/","title":{"rendered":"Roundtables Peru"},"content":{"rendered":"<div data-elementor-type=\"wp-page\" data-elementor-id=\"1881\" class=\"elementor elementor-1881\" data-elementor-post-type=\"page\">\n\t\t\t\t\t\t<section class=\"elementor-section elementor-top-section elementor-element elementor-element-a6811ea elementor-section-content-middle elementor-section-stretched elementor-section-boxed elementor-section-height-default elementor-section-height-default\" data-id=\"a6811ea\" data-element_type=\"section\" data-e-type=\"section\" data-settings=\"{&quot;background_background&quot;:&quot;classic&quot;,&quot;stretch_section&quot;:&quot;section-stretched&quot;,&quot;ekit_has_onepagescroll_dot&quot;:&quot;yes&quot;}\">\n\t\t\t\t\t\t<div class=\"elementor-container elementor-column-gap-default\">\n\t\t\t\t\t<div class=\"elementor-column elementor-col-100 elementor-top-column elementor-element elementor-element-9b7ad8e\" data-id=\"9b7ad8e\" data-element_type=\"column\" data-e-type=\"column\">\n\t\t\t<div class=\"elementor-widget-wrap elementor-element-populated\">\n\t\t\t\t\t\t<div class=\"elementor-element elementor-element-60ac4f0 elementor-widget elementor-widget-heading\" data-id=\"60ac4f0\" data-element_type=\"widget\" data-e-type=\"widget\" data-settings=\"{&quot;ekit_we_effect_on&quot;:&quot;none&quot;}\" data-widget_type=\"heading.default\">\n\t\t\t\t<div class=\"elementor-widget-container\">\n\t\t\t\t\t<h1 class=\"elementor-heading-title elementor-size-default\">Roundtables Peru<\/h1>\t\t\t\t<\/div>\n\t\t\t\t<\/div>\n\t\t\t\t\t<\/div>\n\t\t<\/div>\n\t\t\t\t\t<\/div>\n\t\t<\/section>\n\t\t\t\t<section class=\"elementor-section elementor-top-section elementor-element elementor-element-65e04ee elementor-section-boxed elementor-section-height-default elementor-section-height-default\" data-id=\"65e04ee\" data-element_type=\"section\" data-e-type=\"section\" data-settings=\"{&quot;ekit_has_onepagescroll_dot&quot;:&quot;yes&quot;}\">\n\t\t\t\t\t\t<div class=\"elementor-container elementor-column-gap-default\">\n\t\t\t\t\t<div class=\"elementor-column elementor-col-50 elementor-top-column elementor-element elementor-element-af88232\" data-id=\"af88232\" data-element_type=\"column\" data-e-type=\"column\">\n\t\t\t<div class=\"elementor-widget-wrap elementor-element-populated\">\n\t\t\t\t\t\t<div class=\"elementor-element elementor-element-31e13df elementor-widget elementor-widget-image\" data-id=\"31e13df\" data-element_type=\"widget\" data-e-type=\"widget\" data-settings=\"{&quot;ekit_we_effect_on&quot;:&quot;none&quot;}\" data-widget_type=\"image.default\">\n\t\t\t\t<div class=\"elementor-widget-container\">\n\t\t\t\t\t\t\t\t\t\t\t\t\t\t\t<img fetchpriority=\"high\" decoding=\"async\" width=\"546\" height=\"307\" src=\"https:\/\/hsmailatam.org\/wp-content\/uploads\/2024\/04\/Captura-de-tela-2024-04-27-212946-e1753819437569.png\" class=\"attachment-medium_large size-medium_large wp-image-2848\" alt=\"\" srcset=\"https:\/\/hsmailatam.org\/wp-content\/uploads\/2024\/04\/Captura-de-tela-2024-04-27-212946-e1753819437569.png 546w, https:\/\/hsmailatam.org\/wp-content\/uploads\/2024\/04\/Captura-de-tela-2024-04-27-212946-e1753819437569-300x169.png 300w, https:\/\/hsmailatam.org\/wp-content\/uploads\/2024\/04\/Captura-de-tela-2024-04-27-212946-e1753819437569-18x10.png 18w\" sizes=\"(max-width: 546px) 100vw, 546px\" \/>\t\t\t\t\t\t\t\t\t\t\t\t\t\t\t<\/div>\n\t\t\t\t<\/div>\n\t\t\t\t<div class=\"elementor-element elementor-element-90ee0ba elementor-widget elementor-widget-text-editor\" data-id=\"90ee0ba\" data-element_type=\"widget\" data-e-type=\"widget\" data-settings=\"{&quot;ekit_we_effect_on&quot;:&quot;none&quot;}\" data-widget_type=\"text-editor.default\">\n\t\t\t\t<div class=\"elementor-widget-container\">\n\t\t\t\t\t\t\t\t\t<p>The Revenue Managers Roundtable is an exclusive event that brings together hotel industry leaders to discuss the latest revenue management trends and strategies. This is a unique opportunity to learn from the industry&#039;s best and share your own experiences.<\/p>\t\t\t\t\t\t\t\t<\/div>\n\t\t\t\t<\/div>\n\t\t\t\t\t<\/div>\n\t\t<\/div>\n\t\t\t\t<div class=\"elementor-column elementor-col-50 elementor-top-column elementor-element elementor-element-2818cf4\" data-id=\"2818cf4\" data-element_type=\"column\" data-e-type=\"column\">\n\t\t\t<div class=\"elementor-widget-wrap elementor-element-populated\">\n\t\t\t\t\t\t<div class=\"elementor-element elementor-element-4f096a6 elementor-widget elementor-widget-image\" data-id=\"4f096a6\" data-element_type=\"widget\" data-e-type=\"widget\" data-settings=\"{&quot;ekit_we_effect_on&quot;:&quot;none&quot;}\" data-widget_type=\"image.default\">\n\t\t\t\t<div class=\"elementor-widget-container\">\n\t\t\t\t\t\t\t\t\t\t\t\t\t\t\t<img decoding=\"async\" width=\"655\" height=\"361\" src=\"https:\/\/hsmailatam.org\/wp-content\/uploads\/2024\/04\/Captura-de-tela-2024-04-27-215031-e1753819512853.png\" class=\"attachment-medium_large size-medium_large wp-image-2849\" alt=\"\" srcset=\"https:\/\/hsmailatam.org\/wp-content\/uploads\/2024\/04\/Captura-de-tela-2024-04-27-215031-e1753819512853.png 655w, https:\/\/hsmailatam.org\/wp-content\/uploads\/2024\/04\/Captura-de-tela-2024-04-27-215031-e1753819512853-300x165.png 300w, https:\/\/hsmailatam.org\/wp-content\/uploads\/2024\/04\/Captura-de-tela-2024-04-27-215031-e1753819512853-18x10.png 18w, https:\/\/hsmailatam.org\/wp-content\/uploads\/2024\/04\/Captura-de-tela-2024-04-27-215031-e1753819512853-600x331.png 600w\" sizes=\"(max-width: 655px) 100vw, 655px\" \/>\t\t\t\t\t\t\t\t\t\t\t\t\t\t\t<\/div>\n\t\t\t\t<\/div>\n\t\t\t\t<div class=\"elementor-element elementor-element-86a51ee elementor-widget elementor-widget-text-editor\" data-id=\"86a51ee\" data-element_type=\"widget\" data-e-type=\"widget\" data-settings=\"{&quot;ekit_we_effect_on&quot;:&quot;none&quot;}\" data-widget_type=\"text-editor.default\">\n\t\t\t\t<div class=\"elementor-widget-container\">\n\t\t\t\t\t\t\t\t\t<p style=\"text-align: center;\">Founded in 2023 to share trends, knowledge, and innovations, the Sales and Marketing Directors Roundtable is a group that brings together top strategic managers from hotel chains, resorts, and luxury hotels.<\/p>\t\t\t\t\t\t\t\t<\/div>\n\t\t\t\t<\/div>\n\t\t\t\t\t<\/div>\n\t\t<\/div>\n\t\t\t\t\t<\/div>\n\t\t<\/section>\n\t\t\t\t<section class=\"elementor-section elementor-top-section elementor-element elementor-element-8cd6cb7 elementor-section-boxed elementor-section-height-default elementor-section-height-default\" data-id=\"8cd6cb7\" data-element_type=\"section\" data-e-type=\"section\" data-settings=\"{&quot;ekit_has_onepagescroll_dot&quot;:&quot;yes&quot;}\">\n\t\t\t\t\t\t<div class=\"elementor-container elementor-column-gap-default\">\n\t\t\t\t\t<div class=\"elementor-column elementor-col-100 elementor-top-column elementor-element elementor-element-45a949a\" data-id=\"45a949a\" data-element_type=\"column\" data-e-type=\"column\">\n\t\t\t<div class=\"elementor-widget-wrap elementor-element-populated\">\n\t\t\t\t\t\t<div class=\"elementor-element elementor-element-02a7b7a elementor-widget-divider--view-line elementor-widget elementor-widget-divider\" data-id=\"02a7b7a\" data-element_type=\"widget\" data-e-type=\"widget\" data-settings=\"{&quot;ekit_we_effect_on&quot;:&quot;none&quot;}\" data-widget_type=\"divider.default\">\n\t\t\t\t<div class=\"elementor-widget-container\">\n\t\t\t\t\t\t\t<div class=\"elementor-divider\">\n\t\t\t<span class=\"elementor-divider-separator\">\n\t\t\t\t\t\t<\/span>\n\t\t<\/div>\n\t\t\t\t\t\t<\/div>\n\t\t\t\t<\/div>\n\t\t\t\t\t<\/div>\n\t\t<\/div>\n\t\t\t\t\t<\/div>\n\t\t<\/section>\n\t\t\t\t<\/div>","protected":false},"excerpt":{"rendered":"<p>Roundtables Peru El Roundtable de Revenue Managers es un evento exclusivo que re\u00fane a l\u00edderes del sector hotelero para discutir las \u00faltimas tendencias y estrategias de gesti\u00f3n de ingresos. Esta es una oportunidad \u00fanica para aprender de los mejores de la industria y compartir sus propias experiencias. Fundada en 2023, con el prop\u00f3sito de compartir [&hellip;]<\/p>\n","protected":false},"author":2,"featured_media":0,"parent":794,"menu_order":0,"comment_status":"closed","ping_status":"closed","template":"","meta":{"inline_featured_image":false,"site-sidebar-layout":"no-sidebar","site-content-layout":"page-builder","ast-site-content-layout":"default","site-content-style":"default","site-sidebar-style":"default","ast-global-header-display":"","ast-banner-title-visibility":"","ast-main-header-display":"","ast-hfb-above-header-display":"","ast-hfb-below-header-display":"","ast-hfb-mobile-header-display":"","site-post-title":"disabled","ast-breadcrumbs-content":"","ast-featured-img":"disabled","footer-sml-layout":"","ast-disable-related-posts":"","theme-transparent-header-meta":"","adv-header-id-meta":"","stick-header-meta":"","header-above-stick-meta":"","header-main-stick-meta":"","header-below-stick-meta":"","astra-migrate-meta-layouts":"default","ast-page-background-enabled":"default","ast-page-background-meta":{"desktop":{"background-color":"var(--ast-global-color-4)","background-image":"","background-repeat":"repeat","background-position":"center center","background-size":"auto","background-attachment":"scroll","background-type":"","background-media":"","overlay-type":"","overlay-color":"","overlay-opacity":"","overlay-gradient":""},"tablet":{"background-color":"","background-image":"","background-repeat":"repeat","background-position":"center center","background-size":"auto","background-attachment":"scroll","background-type":"","background-media":"","overlay-type":"","overlay-color":"","overlay-opacity":"","overlay-gradient":""},"mobile":{"background-color":"","background-image":"","background-repeat":"repeat","background-position":"center center","background-size":"auto","background-attachment":"scroll","background-type":"","background-media":"","overlay-type":"","overlay-color":"","overlay-opacity":"","overlay-gradient":""}},"ast-content-background-meta":{"desktop":{"background-color":"var(--ast-global-color-5)","background-image":"","background-repeat":"repeat","background-position":"center center","background-size":"auto","background-attachment":"scroll","background-type":"","background-media":"","overlay-type":"","overlay-color":"","overlay-opacity":"","overlay-gradient":""},"tablet":{"background-color":"var(--ast-global-color-5)","background-image":"","background-repeat":"repeat","background-position":"center center","background-size":"auto","background-attachment":"scroll","background-type":"","background-media":"","overlay-type":"","overlay-color":"","overlay-opacity":"","overlay-gradient":""},"mobile":{"background-color":"var(--ast-global-color-5)","background-image":"","background-repeat":"repeat","background-position":"center center","background-size":"auto","background-attachment":"scroll","background-type":"","background-media":"","overlay-type":"","overlay-color":"","overlay-opacity":"","overlay-gradient":""}},"footnotes":""},"class_list":["post-1881","page","type-page","status-publish","hentry"],"yoast_head":"<!-- This site is optimized with the Yoast SEO plugin v27.5 - https:\/\/yoast.com\/product\/yoast-seo-wordpress\/ -->\n<title>Roundtables Peru - HSMAI Latam<\/title>\n<meta name=\"robots\" content=\"index, follow, max-snippet:-1, max-image-preview:large, max-video-preview:-1\" \/>\n<link rel=\"canonical\" href=\"https:\/\/hsmailatam.org\/en\/hsmai-peru\/roundtable-peru\/\" \/>\n<meta property=\"og:locale\" content=\"en_US\" \/>\n<meta property=\"og:type\" content=\"article\" \/>\n<meta property=\"og:title\" content=\"Roundtables Peru - HSMAI Latam\" \/>\n<meta property=\"og:description\" content=\"Roundtables Peru El Roundtable de Revenue Managers es un evento exclusivo que re\u00fane a l\u00edderes del sector hotelero para discutir las \u00faltimas tendencias y estrategias de gesti\u00f3n de ingresos. Esta es una oportunidad \u00fanica para aprender de los mejores de la industria y compartir sus propias experiencias. Fundada en 2023, con el prop\u00f3sito de compartir [&hellip;]\" \/>\n<meta property=\"og:url\" content=\"https:\/\/hsmailatam.org\/en\/hsmai-peru\/roundtable-peru\/\" \/>\n<meta property=\"og:site_name\" content=\"HSMAI Latam\" \/>\n<meta property=\"article:modified_time\" content=\"2025-12-08T12:16:36+00:00\" \/>\n<meta property=\"og:image\" content=\"https:\/\/hsmailatam.org\/wp-content\/uploads\/2024\/04\/Captura-de-tela-2024-04-27-212946-e1753819437569.png\" \/>\n\t<meta property=\"og:image:width\" content=\"546\" \/>\n\t<meta property=\"og:image:height\" content=\"307\" \/>\n\t<meta property=\"og:image:type\" content=\"image\/png\" \/>\n<meta name=\"twitter:card\" content=\"summary_large_image\" \/>\n<meta name=\"twitter:label1\" content=\"Est. reading time\" \/>\n\t<meta name=\"twitter:data1\" content=\"1 minute\" \/>\n<script type=\"application\/ld+json\" class=\"yoast-schema-graph\">{\"@context\":\"https:\\\/\\\/schema.org\",\"@graph\":[{\"@type\":\"WebPage\",\"@id\":\"https:\\\/\\\/hsmailatam.org\\\/hsmai-peru\\\/roundtable-peru\\\/\",\"url\":\"https:\\\/\\\/hsmailatam.org\\\/hsmai-peru\\\/roundtable-peru\\\/\",\"name\":\"Roundtables Peru - HSMAI Latam\",\"isPartOf\":{\"@id\":\"https:\\\/\\\/hsmailatam.org\\\/#website\"},\"primaryImageOfPage\":{\"@id\":\"https:\\\/\\\/hsmailatam.org\\\/hsmai-peru\\\/roundtable-peru\\\/#primaryimage\"},\"image\":{\"@id\":\"https:\\\/\\\/hsmailatam.org\\\/hsmai-peru\\\/roundtable-peru\\\/#primaryimage\"},\"thumbnailUrl\":\"https:\\\/\\\/hsmailatam.org\\\/wp-content\\\/uploads\\\/2024\\\/04\\\/Captura-de-tela-2024-04-27-212946-e1753819437569.png\",\"datePublished\":\"2023-10-23T05:02:39+00:00\",\"dateModified\":\"2025-12-08T12:16:36+00:00\",\"breadcrumb\":{\"@id\":\"https:\\\/\\\/hsmailatam.org\\\/hsmai-peru\\\/roundtable-peru\\\/#breadcrumb\"},\"inLanguage\":\"en-US\",\"potentialAction\":[{\"@type\":\"ReadAction\",\"target\":[\"https:\\\/\\\/hsmailatam.org\\\/hsmai-peru\\\/roundtable-peru\\\/\"]}]},{\"@type\":\"ImageObject\",\"inLanguage\":\"en-US\",\"@id\":\"https:\\\/\\\/hsmailatam.org\\\/hsmai-peru\\\/roundtable-peru\\\/#primaryimage\",\"url\":\"https:\\\/\\\/hsmailatam.org\\\/wp-content\\\/uploads\\\/2024\\\/04\\\/Captura-de-tela-2024-04-27-212946-e1753819437569.png\",\"contentUrl\":\"https:\\\/\\\/hsmailatam.org\\\/wp-content\\\/uploads\\\/2024\\\/04\\\/Captura-de-tela-2024-04-27-212946-e1753819437569.png\"},{\"@type\":\"BreadcrumbList\",\"@id\":\"https:\\\/\\\/hsmailatam.org\\\/hsmai-peru\\\/roundtable-peru\\\/#breadcrumb\",\"itemListElement\":[{\"@type\":\"ListItem\",\"position\":1,\"name\":\"In\u00edcio\",\"item\":\"https:\\\/\\\/hsmailatam.org\\\/\"},{\"@type\":\"ListItem\",\"position\":2,\"name\":\"HSMAI Peru\",\"item\":\"https:\\\/\\\/hsmailatam.org\\\/hsmai-peru\\\/\"},{\"@type\":\"ListItem\",\"position\":3,\"name\":\"Roundtables Peru\"}]},{\"@type\":\"WebSite\",\"@id\":\"https:\\\/\\\/hsmailatam.org\\\/#website\",\"url\":\"https:\\\/\\\/hsmailatam.org\\\/\",\"name\":\"HSMAI Latam\",\"description\":\"The Hospitality Sales and Marketing Association International\",\"potentialAction\":[{\"@type\":\"SearchAction\",\"target\":{\"@type\":\"EntryPoint\",\"urlTemplate\":\"https:\\\/\\\/hsmailatam.org\\\/?s={search_term_string}\"},\"query-input\":{\"@type\":\"PropertyValueSpecification\",\"valueRequired\":true,\"valueName\":\"search_term_string\"}}],\"inLanguage\":\"en-US\"}]}<\/script>\n<!-- \/ Yoast SEO plugin. -->","yoast_head_json":{"title":"Roundtables Peru - HSMAI Latam","robots":{"index":"index","follow":"follow","max-snippet":"max-snippet:-1","max-image-preview":"max-image-preview:large","max-video-preview":"max-video-preview:-1"},"canonical":"https:\/\/hsmailatam.org\/en\/hsmai-peru\/roundtable-peru\/","og_locale":"en_US","og_type":"article","og_title":"Roundtables Peru - HSMAI Latam","og_description":"Roundtables Peru El Roundtable de Revenue Managers es un evento exclusivo que re\u00fane a l\u00edderes del sector hotelero para discutir las \u00faltimas tendencias y estrategias de gesti\u00f3n de ingresos. Esta es una oportunidad \u00fanica para aprender de los mejores de la industria y compartir sus propias experiencias. Fundada en 2023, con el prop\u00f3sito de compartir [&hellip;]","og_url":"https:\/\/hsmailatam.org\/en\/hsmai-peru\/roundtable-peru\/","og_site_name":"HSMAI Latam","article_modified_time":"2025-12-08T12:16:36+00:00","og_image":[{"width":546,"height":307,"url":"https:\/\/hsmailatam.org\/wp-content\/uploads\/2024\/04\/Captura-de-tela-2024-04-27-212946-e1753819437569.png","type":"image\/png"}],"twitter_card":"summary_large_image","twitter_misc":{"Est. reading time":"1 minute"},"schema":{"@context":"https:\/\/schema.org","@graph":[{"@type":"WebPage","@id":"https:\/\/hsmailatam.org\/hsmai-peru\/roundtable-peru\/","url":"https:\/\/hsmailatam.org\/hsmai-peru\/roundtable-peru\/","name":"Roundtables Peru - HSMAI Latam","isPartOf":{"@id":"https:\/\/hsmailatam.org\/#website"},"primaryImageOfPage":{"@id":"https:\/\/hsmailatam.org\/hsmai-peru\/roundtable-peru\/#primaryimage"},"image":{"@id":"https:\/\/hsmailatam.org\/hsmai-peru\/roundtable-peru\/#primaryimage"},"thumbnailUrl":"https:\/\/hsmailatam.org\/wp-content\/uploads\/2024\/04\/Captura-de-tela-2024-04-27-212946-e1753819437569.png","datePublished":"2023-10-23T05:02:39+00:00","dateModified":"2025-12-08T12:16:36+00:00","breadcrumb":{"@id":"https:\/\/hsmailatam.org\/hsmai-peru\/roundtable-peru\/#breadcrumb"},"inLanguage":"en-US","potentialAction":[{"@type":"ReadAction","target":["https:\/\/hsmailatam.org\/hsmai-peru\/roundtable-peru\/"]}]},{"@type":"ImageObject","inLanguage":"en-US","@id":"https:\/\/hsmailatam.org\/hsmai-peru\/roundtable-peru\/#primaryimage","url":"https:\/\/hsmailatam.org\/wp-content\/uploads\/2024\/04\/Captura-de-tela-2024-04-27-212946-e1753819437569.png","contentUrl":"https:\/\/hsmailatam.org\/wp-content\/uploads\/2024\/04\/Captura-de-tela-2024-04-27-212946-e1753819437569.png"},{"@type":"BreadcrumbList","@id":"https:\/\/hsmailatam.org\/hsmai-peru\/roundtable-peru\/#breadcrumb","itemListElement":[{"@type":"ListItem","position":1,"name":"In\u00edcio","item":"https:\/\/hsmailatam.org\/"},{"@type":"ListItem","position":2,"name":"HSMAI Peru","item":"https:\/\/hsmailatam.org\/hsmai-peru\/"},{"@type":"ListItem","position":3,"name":"Roundtables Peru"}]},{"@type":"WebSite","@id":"https:\/\/hsmailatam.org\/#website","url":"https:\/\/hsmailatam.org\/","name":"HSMAI Latam","description":"The Hospitality Sales and Marketing Association International","potentialAction":[{"@type":"SearchAction","target":{"@type":"EntryPoint","urlTemplate":"https:\/\/hsmailatam.org\/?s={search_term_string}"},"query-input":{"@type":"PropertyValueSpecification","valueRequired":true,"valueName":"search_term_string"}}],"inLanguage":"en-US"}]}},"_links":{"self":[{"href":"https:\/\/hsmailatam.org\/en\/wp-json\/wp\/v2\/pages\/1881","targetHints":{"allow":["GET"]}}],"collection":[{"href":"https:\/\/hsmailatam.org\/en\/wp-json\/wp\/v2\/pages"}],"about":[{"href":"https:\/\/hsmailatam.org\/en\/wp-json\/wp\/v2\/types\/page"}],"author":[{"embeddable":true,"href":"https:\/\/hsmailatam.org\/en\/wp-json\/wp\/v2\/users\/2"}],"replies":[{"embeddable":true,"href":"https:\/\/hsmailatam.org\/en\/wp-json\/wp\/v2\/comments?post=1881"}],"version-history":[{"count":6,"href":"https:\/\/hsmailatam.org\/en\/wp-json\/wp\/v2\/pages\/1881\/revisions"}],"predecessor-version":[{"id":5743,"href":"https:\/\/hsmailatam.org\/en\/wp-json\/wp\/v2\/pages\/1881\/revisions\/5743"}],"up":[{"embeddable":true,"href":"https:\/\/hsmailatam.org\/en\/wp-json\/wp\/v2\/pages\/794"}],"wp:attachment":[{"href":"https:\/\/hsmailatam.org\/en\/wp-json\/wp\/v2\/media?parent=1881"}],"curies":[{"name":"wp","href":"https:\/\/api.w.org\/{rel}","templated":true}]}}